{"id":7039,"date":"2024-06-12T09:37:01","date_gmt":"2024-06-12T09:37:01","guid":{"rendered":"https:\/\/geseasy.com\/?page_id=7039"},"modified":"2024-06-12T09:37:42","modified_gmt":"2024-06-12T09:37:42","slug":"aviso-legal","status":"publish","type":"page","link":"https:\/\/geseasy.com\/en\/aviso-legal\/","title":{"rendered":"Aviso legal"},"content":{"rendered":"<h4>PRIMERA.- TITULAR DE LA WEB<\/h4>\n<p>La p\u00e1gina https:\/\/geseasy.com\/<a href=\"https:\/\/beservy.com\/\" target=\"_blank\" rel=\"noopener\">\u00a0<\/a>pertenece a BECHO SOLUTIONS S.L, con B10606770 y domicilio social en Plaza del Campillo, 3 &#8211; BJ, Granada, 18009, Granada Puedes contactar con nosotros a trav\u00e9s de:<\/p>\n<ul>\n<li>M\u00f3vil: +34 685 920 110<\/li>\n<li>Correo electr\u00f3nico: ignacio@geseasy.com<\/li>\n<li>Correo postal: Plaza del Campillo, 3 &#8211; BJ, Granada, 18009, Granada<\/li>\n<\/ul>\n<h4>SEGUNDA.- OBJETO DE LA WEB<\/h4>\n<p>A trav\u00e9s de la presente web se pone a disposici\u00f3n del p\u00fablico servicios, informaci\u00f3n dato y datos que son proporcionados y creados por el propio titular de la web.<\/p>\n<p>Dada la naturaleza, contenido y finalidad de la web, el usuario puede navegar por ella sin tener la condici\u00f3n de usuario registrado, pero tambi\u00e9n en este caso debe aceptar que queda sometido a los t\u00e9rminos recogidos en estas condiciones, en la medida que puedan serle de aplicaci\u00f3n.<\/p>\n<p>El titular de la p\u00e1gina se reserva el derecho de modificar, en cualquier momento, la presentaci\u00f3n y\/o configuraci\u00f3n de la web y las presentes Condiciones Generales.<\/p>\n<p>Por todo ello, y dado que todo usuario (registrado o no) asume que les ser\u00e1n de aplicaci\u00f3n estas Condiciones Generales seg\u00fan el contenido que est\u00e9 vigente en el momento de su acceso, quedan obligados a comprobarlas y conocerlas cada vez que accedan. Se recomienda, pues, su lectura con cada acceso a la Web.<\/p>\n<h4>TERCERA.- ACCESO A LA WEB<\/h4>\n<p>El acceso y uso del usuario a esta web no implica ninguna obligaci\u00f3n sobre la calidad y velocidad del acceso por parte de su titular, que podr\u00e1, sin previo aviso, modificar sus condiciones de acceso o suspenderlo (tanto a la totalidad de la web, como a parte de la misma). El ejercicio de estas facultades en ning\u00fan caso supondr\u00e1n responsabilizarse de las consecuencias, da\u00f1os y perjuicios que pudieran derivarse.<\/p>\n<p>El hardware y software necesarios para acceder a la web ser\u00e1n por cuenta de los usuarios, por lo que https:\/\/geseasy.com\/\u00a0ni su titular, ser\u00e1n responsable de su funcionamiento o de los derechos de uso o licencias requeridos para su utilizaci\u00f3n.<\/p>\n<p>Igualmente, carecer\u00e1n de toda responsabilidad sobre cualquier tipo de anomal\u00eda, mal funcionamiento, deterioro, borrado de datos o software que se produzca en los equipos o sistemas de los usuarios como consecuencia directa o indirecta del acceso o intento de acceso a la web.<\/p>\n<p>El servicio prestado a trav\u00e9s de https:\/\/geseasy.com\/\u00a0tiene car\u00e1cter indefinido, sin perjuicio de poder suspenderse o cancelarse sin previo aviso.<\/p>\n<h4>CUARTA.- UTILIZACI\u00d3N CORRECTA DE LOS SERVICIOS<\/h4>\n<p>El usuario se obliga a usar los Servicios de forma diligente, correcta y l\u00edcita. En particular, y sin que produzca efectos limitativos, se compromete a abstenerse de:<\/p>\n<ul>\n<li>utilizar los Servicios de forma, con fines o efectos contrarios a la ley, la moral, las buenas costumbres o al orden p\u00fablico;<\/li>\n<li>reproducir, copiar, distribuir, permitir el acceso del p\u00fablico a trav\u00e9s de cualquier tipo de comunicaci\u00f3n p\u00fablica, transformar o modificar los Servicios, a menos que se cuente con la autorizaci\u00f3n del titular de los correspondientes derechos o ello resulte legalmente permitido;<\/li>\n<li>realizar cualquier acto que pueda ser considerado una vulneraci\u00f3n de cualesquiera derechos de propiedad intelectual o industrial pertenecientes a BECHO SOLUTIONS S.L\u00a0o a terceros;<\/li>\n<li>emplear los Servicios y la informaci\u00f3n de cualquier clase obtenida a trav\u00e9s del Sitio Web para remitir publicidad o comunicaciones con cualquier fin que contravenga la web, as\u00ed como mensajes no solicitados dirigidos a una pluralidad de personas, con independencia de su finalidad, o comercializar o divulgar de cualquier modo dicha informaci\u00f3n;<\/li>\n<\/ul>\n<p>El usuario responder\u00e1 de los da\u00f1os y perjuicios de toda naturaleza que BECHO SOLUTIONS S. Lo el nombre de Geseasy pueda sufrir con ocasi\u00f3n o como consecuencia del incumplimiento de cualquiera de estas obligaciones, as\u00ed como por cualquier otro acto que contravenga las condiciones de uso o la Ley, ya sea directamente o de modo fraudulento.<\/p>\n<p>BECHO SOLUTIONS S.L\u00a0vela por el respeto del ordenamiento jur\u00eddico vigente, por lo que, como titular de la web, estar\u00e1 legitimado para interrumpir el Servicio, o incluso excluir del sitio web a quien haya cometido un acto tipificado en el C\u00f3digo Penal o que constituya cualquier otro tipo de infracci\u00f3n legal, de las Condiciones que regulan el servicio y la web, y\/o que puedan perturbar su buen funcionamiento, imagen, credibilidad o prestigio.<\/p>\n<h4>QUINTA.- DERECHOS DE PROPIEDAD INTELECTUAL E INDUSTRIAL<\/h4>\n<p>Todos los contenidos del Sitio Web (textos, gr\u00e1ficos, fotograf\u00edas, logotipos, iconos, im\u00e1genes, as\u00ed como el dise\u00f1o gr\u00e1fico, c\u00f3digo fuente y software, etc.) pertenecen BECHO SOLUTIONS S.L o en su caso, de terceros cuyos derechos ostenta leg\u00edtimamente. En ambos casos est\u00e1n protegidos por la legislaci\u00f3n nacional e internacional, por lo que queda estrictamente prohibida la utilizaci\u00f3n de todos los elementos objeto de propiedad industrial e intelectual con fines comerciales, as\u00ed como su distribuci\u00f3n, modificaci\u00f3n, alteraci\u00f3n o descompilaci\u00f3n.<\/p>\n<p>La infracci\u00f3n de cualquiera de los citados derechos puede constituir una vulneraci\u00f3n de las presentes disposiciones, as\u00ed como un delito castigado de en los art\u00edculos 270 y siguientes del C\u00f3digo Penal.<\/p>\n<h4>SEXTA.- CONTENIDO GENERADO POR EL USUARIO<\/h4>\n<p>Se considerar\u00e1 que los usuarios que env\u00eden al Sitio Web observaciones, opiniones o comentarios a Geseasy, autorizan a su titular para su reproducci\u00f3n, distribuci\u00f3n, comunicaci\u00f3n p\u00fablica, transformaci\u00f3n, y el ejercicio de cualquier otro derecho de explotaci\u00f3n. Esta autorizaci\u00f3n se hace a t\u00edtulo gratuito y durar\u00e1 todo el tiempo por el que est\u00e9 vigente, seg\u00fan lo establecido en la legislaci\u00f3n aplicable. Adem\u00e1s, no tendr\u00e1 limitaci\u00f3n territorial.<\/p>\n<p>Las reclamaciones que pudieran interponerse por los usuarios en relaci\u00f3n con posibles incumplimientos de los derechos de propiedad intelectual o industrial relativos a cualesquiera de los Servicios de este Sitio Web deber\u00e1n dirigirse a la siguiente direcci\u00f3n de correo electr\u00f3nico: ignacio@geseasy.com<\/p>\n<h4>S\u00c9PTIMA.- EXCLUSI\u00d3N DE GARANT\u00cdAS Y DE RESPONSABILIDAD<\/h4>\n<div class=\"page\" title=\"Page 1\">\n<div class=\"section\">\n<div class=\"layoutArea\">\n<div class=\"column\">\n<p>BECHO SOLUTIONS S.L\u00a0no se hace responsable de la veracidad, exactitud y calidad de los servicios, informaci\u00f3n y materiales que aparezcan en Geseasy\u00a0los cuales son presentados tal y como son y son accesibles sin garant\u00edas de ninguna clase.<\/p>\n<\/div>\n<\/div>\n<\/div>\n<\/div>\n<p>Adem\u00e1s, se reserva el derecho a interrumpir el acceso al Sitio Web, as\u00ed como la prestaci\u00f3n de todos o alguno de los Servicios en cualquier momento y sin previo aviso (ya sea por motivos t\u00e9cnicos, de seguridad, de control, de mantenimiento, por fallos de suministro el\u00e9ctrico o por cualquier otra causa justificada).<\/p>\n<p>En consecuencia, no se garantiza la fiabilidad, la disponibilidad ni la continuidad de su Sitio Web o de los Servicios, por lo que la utilizaci\u00f3n de los mismos por parte del usuario se lleva a cabo por su propia cuenta y riesgo.<\/p>\n<p>Tampoco ser\u00e1 responsable en caso de que existan interrupciones de los Servicios, demoras, errores, mal funcionamiento del mismo y, en general, dem\u00e1s inconvenientes que tengan su origen en causas que escapan a su control y\/o que sea debida a una actuaci\u00f3n dolosa o culposa del usuario y\/o tenga por origen causas de caso fortuito o fuerza mayor.<\/p>\n<p>Sin perjuicio de lo establecido en el art\u00edculo 1105 del C\u00f3digo Civil, se entender\u00e1n incluidos en el concepto de Fuerza Mayor todos aquellos acontecimientos acaecidos fuera del control de BECHO SOLUTIONS S.L, tales como fallo de operadores o compa\u00f1\u00edas de servicios o cualquier otro tercero interviniente en el servicio, actos de Gobierno, falta de acceso a redes de terceros, actos u omisiones de las Autoridades P\u00fablicas; los que sean consecuencia de fen\u00f3menos naturales, apagones, etc. y el ataque de hackers o terceros especializados en la seguridad o integridad del sistema inform\u00e1tico, siempre que se hayan adoptado las medidas de seguridad razonables de acuerdo con el estado de la t\u00e9cnica.<\/p>\n<p>En cualquier caso, y sea cual fuere su causa, BECHO SOLUTIONS S.L, no asumir\u00e1 responsabilidad alguna por posibles da\u00f1os causados, ni directos o indirectos, ni el da\u00f1o emergente y\/o por lucro cesante.<\/p>\n<p>Igualmente, queda exento de toda responsabilidad por los da\u00f1os y perjuicios de toda naturaleza que puedan deberse a la falta de veracidad, exactitud, exhaustividad y\/o actualidad de los Servicios transmitidos, difundidos, almacenados, puestos a disposici\u00f3n o recibidos, obtenidos o a los que se haya accedido a trav\u00e9s del Sitio Web, as\u00ed como por los Servicios prestados u ofertados por terceras personas o entidades.<\/p>\n<p>En Geseasy se tratar\u00e1, en la medida de lo posible, de actualizar y rectificar aquella informaci\u00f3n que no cumpla con las m\u00ednimas garant\u00edas de veracidad. No obstante, quedar\u00e1 exonerada de responsabilidad por su no actualizaci\u00f3n o rectificaci\u00f3n, as\u00ed como por los contenidos e informaciones vertidos en la misma. En este sentido, el titular de la web no tiene obligaci\u00f3n de controlar -y no controla- los contenidos transmitidos, difundidos o puestos a disposici\u00f3n de terceros por los usuarios o colaboradores, salvo los supuestos en que as\u00ed lo exija la legislaci\u00f3n vigente o cuando sea requerido por una Autoridad Judicial o Administrativa competente.<\/p>\n<p>De igual modo, el titular de la web no asume responsabilidad alguna por los da\u00f1os y perjuicios de toda clase que puedan deberse a la presencia de virus u otros elementos lesivos en los contenidos que puedan producir alteraci\u00f3n en los sistemas inform\u00e1ticos, as\u00ed como en los documentos o sistemas almacenados en los mismos.<\/p>\n<p>Tampoco se hace responsable por la utilizaci\u00f3n que el usuario realice de los Servicios del Sitio Web ni de sus contrase\u00f1as, as\u00ed como de cualquier otro material del mismo, infringiendo los derechos de propiedad intelectual o industrial o cualquier otro derecho de terceros.<\/p>\n<p>El usuario se obliga a mantener indemne a BECHO SOLUTIONS S.L, o cualquier otro relacionado con el mismo, por cualquier da\u00f1o, perjuicio, sanci\u00f3n, gasto (incluyendo, sin limitaci\u00f3n, honorarios de abogados) o responsabilidad penal, civil, administrativa o de cualquier otra \u00edndole, que pudiera sufrir y que guarde relaci\u00f3n con el incumplimiento o cumplimiento parcial o defectuoso por su parte de lo establecido en las presentes Condiciones Generales o en la legislaci\u00f3n aplicable, y, en especial, en relaci\u00f3n con sus obligaciones relativas a protecci\u00f3n de datos de car\u00e1cter personal.<\/p>\n<h4>OCTAVA.- ENLACES A OTROS SITIOS WEB<\/h4>\n<p>En Geseasy.com no se garantiza ni asume ning\u00fan tipo de responsabilidad por los da\u00f1os y perjuicios sufridos por el acceso al Servicios\/contenido de terceros a trav\u00e9s de conexiones, v\u00ednculos o links de los sitios enlazados, ni sobre la exactitud o fiabilidad de los mismos.<\/p>\n<p>La funci\u00f3n de los enlaces que aparecen en la web Geseasy\u00a0es exclusivamente la de informar al usuario sobre la existencia de otras fuentes de informaci\u00f3n en Internet, donde podr\u00e1 ampliar los Servicios ofrecidos por el Portal.<\/p>\n<p>Por tanto, no ser\u00e1 en ning\u00fan caso responsable del resultado obtenido a trav\u00e9s de dichos enlaces o de las consecuencias que se deriven del acceso por los usuarios a los mismos. Estos Servicios de terceros son proporcionados por \u00e9stos, por lo que BECHO SOLUTIONS S.L no pueden controlar ni controlan la licitud de los Servicios ni su calidad. En consecuencia, el usuario debe extremar la prudencia en la valoraci\u00f3n y utilizaci\u00f3n de la informaci\u00f3n y servicios existentes en los contenidos de terceros.<\/p>\n<h4>NOVENA.- TRATAMIENTO DE DATOS Y UTILIZACI\u00d3N DE COOKIES<\/h4>\n<p>Por el mero hecho de visitar el presente portal web Geseasy, no se registra autom\u00e1ticamente ning\u00fan dato de car\u00e1cter personal que identifique a un Usuario. Sin embargo, existen determinadas interactuaciones con la p\u00e1gina (en caso de dejar alg\u00fan comentario o abrir una cuenta en la web, por ejemplo) que pueden dar lugar a la instalaci\u00f3n de algunas cookies, como te informamos a trav\u00e9s de nuestra Pol\u00edtica de Cookies.<\/p>\n<h4>D\u00c9CIMA.- LEY APLICABLE Y JURISDICCI\u00d3N<\/h4>\n<p>Para cuantas cuestiones interpretativas o litigiosas que pudieran plantearse, ser\u00e1 de aplicaci\u00f3n la legislaci\u00f3n espa\u00f1ola y, en caso de controversia, ambas partes acuerdan someterse, con renuncia a cualquier otro fuero que pudiera corresponderle, a la jurisdicci\u00f3n de los Juzgados y Tribunales de la ciudad de Valencia, salvo en materia de consumo, en cuyo caso se estar\u00e1 a lo dispuesto en las Leyes de procedimiento.<\/p>","protected":false},"excerpt":{"rendered":"<p>PRIMERA.- TITULAR DE LA WEB La p\u00e1gina https:\/\/geseasy.com\/\u00a0pertenece a BECHO SOLUTIONS S.L, con B10606770 y domicilio social en Plaza del Campillo, 3 &#8211; BJ, Granada, 18009, Granada Puedes contactar con&#8230;<\/p>","protected":false},"author":1,"featured_media":0,"parent":0,"menu_order":0,"comment_status":"closed","ping_status":"open","template":"","meta":{"_joinchat":[],"footnotes":""},"class_list":["post-7039","page","type-page","status-publish"],"_links":{"self":[{"href":"https:\/\/geseasy.com\/en\/wp-json\/wp\/v2\/pages\/7039","targetHints":{"allow":["GET"]}}],"collection":[{"href":"https:\/\/geseasy.com\/en\/wp-json\/wp\/v2\/pages"}],"about":[{"href":"https:\/\/geseasy.com\/en\/wp-json\/wp\/v2\/types\/page"}],"author":[{"embeddable":true,"href":"https:\/\/geseasy.com\/en\/wp-json\/wp\/v2\/users\/1"}],"replies":[{"embeddable":true,"href":"https:\/\/geseasy.com\/en\/wp-json\/wp\/v2\/comments?post=7039"}],"version-history":[{"count":1,"href":"https:\/\/geseasy.com\/en\/wp-json\/wp\/v2\/pages\/7039\/revisions"}],"predecessor-version":[{"id":7040,"href":"https:\/\/geseasy.com\/en\/wp-json\/wp\/v2\/pages\/7039\/revisions\/7040"}],"wp:attachment":[{"href":"https:\/\/geseasy.com\/en\/wp-json\/wp\/v2\/media?parent=7039"}],"curies":[{"name":"wp","href":"https:\/\/api.w.org\/{rel}","templated":true}]}}