{"id":7041,"date":"2024-06-12T09:40:33","date_gmt":"2024-06-12T09:40:33","guid":{"rendered":"https:\/\/geseasy.com\/?page_id=7041"},"modified":"2024-07-01T10:36:35","modified_gmt":"2024-07-01T10:36:35","slug":"privacidad","status":"publish","type":"page","link":"https:\/\/geseasy.com\/en\/privacidad\/","title":{"rendered":"Privacidad"},"content":{"rendered":"<h3>Pol\u00edtica de Privacidad<\/h3>\n<h4>1. POL\u00cdTICA DE PRIVACIDAD Y SEGURIDAD.<\/h4>\n<div class=\"page\" title=\"Page 1\">\n<div class=\"section\">\n<div class=\"layoutArea\">\n<div class=\"column\">\n<p>BECHO SOLUTIONS S.L, titular de la web https:\/\/geseasy.com\/, quiere garantizar la seguridad y privacidad en sus relaciones comerciales con los usuarios, lo que hace a trav\u00e9s de la siguiente Pol\u00edtica de Privacidad. Por datos personal debemos entender cualquier informaci\u00f3n que, en s\u00ed misma, o junto con otros datos, permita identificar a una persona f\u00edsica (por ejemplo, nombre, apellidos, la direcci\u00f3n postal y electr\u00f3nica, o el n\u00famero de tel\u00e9fono)<\/p>\n<\/div>\n<\/div>\n<\/div>\n<\/div>\n<h4><strong>2. TRATAMIENTOS Y FINALIDADES DE LOS DATOS RECOGIDOS<\/strong><\/h4>\n<p>El titular del tratamiento es BECHO SOLUTIONS S.L, que tratar\u00e1 los datos personales cumpliendo estrictamente la normativa aplicable. Los datos personales de los usuarios s\u00f3lo ser\u00e1n recogidos, tratados y utilizados para fines l\u00edcitos, leg\u00edtimos e informados, concretamente: Gestionar los formularios de contacto para atender sus solicitudes de informaci\u00f3n o, en su caso, del servicio contratado, y dar respuesta a las cuestiones planteadas a trav\u00e9s de los datos de contacto facilitados. Remitir al usuario informaci\u00f3n acerca de productos y servicios, incluso de eventos o actividades promovidos por BECHO SOLUTIONS S.L, o en los que participe. Conocer las preferencias e intereses del usuario para conocer y atender mejor sus necesidades, as\u00ed como remitir encuestas de satisfacci\u00f3n. No ser\u00e1 obligatorio facilitar los datos personales salvo que as\u00ed se indique, aunque su falta de cumplimentaci\u00f3n puede impedir que el servicio y la comunicaci\u00f3n se desarrollen. En tales casos, BECHO SOLUTIONS S.L queda exenta de toda responsabilidad por la no prestaci\u00f3n o prestaci\u00f3n incompleta de estos Servicios. El usuario tiene la obligaci\u00f3n de facilitar los datos de manera veraz y mantenerlos actualizados, por lo que el titular de la web se reserva el derecho de excluir de los servicios, e incluso cancelarlo, a quien haya facilitado datos falsos, sin perjuicio de las dem\u00e1s acciones que procedan en Derecho.<\/p>\n<h4><strong>3. LEGITIMACI\u00d3N PARA EL TRATAMIENTO DE SUS DATOS<\/strong><\/h4>\n<p>El consentimiento del usuario, su solicitud de informaci\u00f3n y, en su caso, el servicio contratado, constituyen la base legal para el tratamiento de sus datos.<\/p>\n<h4><strong>4. PLAZO DE CONSERVACI\u00d3N DE LOS DATOS<\/strong><\/h4>\n<p>Los datos ser\u00e1n conservados mientras sean necesarios para atender las finalidades indicadas, as\u00ed como, en su caso, cumplir las obligaciones legales y contractuales que correspondan. En cuanto a los comentarios hechos por los usuarios y sus metadatos, \u00e9stos se conservan indefinidamente para que, en lugar de mantenerlos en una cola de moderaci\u00f3n, se puedan reconocer y aprobar los comentarios sucesivos de forma autom\u00e1tica.<\/p>\n<h4><strong>5. COMUNICACI\u00d3N DE SUS DATOS PERSONALES A TERCEROS<\/strong><\/h4>\n<p>Sus datos personales no ser\u00e1n comunicados a ning\u00fan tercero. En el caso de que fuera necesario, se solicitar\u00eda siempre su consentimiento.<\/p>\n<h4><strong>6. SEGURIDAD DE SUS DATOS PERSONALES<\/strong><\/h4>\n<p>BECHO SOLUTIONS S.L\u00a0garantiza la seguridad de sus datos personales, por lo que el titular del tratamiento los almacena en sistemas de informaci\u00f3n donde se han adoptado e implantado medidas de seguridad, t\u00e9cnicas y organizativas, para prevenir cualquier p\u00e9rdida o uso no autorizado por terceros. Por ejemplo, en la web se utiliza protocolo https.<\/p>\n<h4><strong>7. INFORMACI\u00d3N SOBRE LA UTILIZACI\u00d3N DE COOKIES<\/strong><\/h4>\n<p>El mero hecho de visitar el presente portal web no implica que autom\u00e1ticamente quede registrado ning\u00fan dato de car\u00e1cter personal que identifique a un Usuario. Sin embargo, existen determinadas interactuaciones con la p\u00e1gina (en caso de dejar alg\u00fan comentario o abrir una cuenta en la web, por ejemplo) que pueden dar lugar a la instalaci\u00f3n de algunas cookies, como te informamos a trav\u00e9s de nuestra\u00a0<a href=\"https:\/\/geseasy.com\/en\/cookies\/\" target=\"_blank\" rel=\"noopener\">Pol\u00edtica de Cookies<\/a>.<\/p>\n<h4><strong>8. DERECHOS DE LOS USUARIOS.<\/strong><\/h4>\n<p>Todos los usuarios pueden ejercitar cualquier de los derechos otorgados por la normativa de protecci\u00f3n de datos, como el derecho de acceso, limitaci\u00f3n del tratamiento, supresi\u00f3n, portabilidad, etc. mediante escrito dirigido al responsable ignacio@geseasy.com. Y, si lo desea, plantear cualquier requerimiento ante la Autoridad de Control correspondiente.<\/p>\n<h4><strong>9. \u00bfNO DESEA RECIBIR INFORMACI\u00d3N DE NOSOTROS O DESEA REVOCAR SU CONSENTIMIENTO?<\/strong><\/h4>\n<p>El usuario puede oponerse al uso de su informaci\u00f3n para fines publicitarios, investigaciones de mercado o desarrollo de encuestas de satisfacci\u00f3n, as\u00ed como revocar su consentimiento en cualquier momento (sin efecto retroactivo). Para ello, deber\u00e1 enviar un correo electr\u00f3nico a la direcci\u00f3n ignacio@geseasy.com. Cuando reciba publicidad por correo electr\u00f3nico, tambi\u00e9n podr\u00e1 oponer desde dicho correo electr\u00f3nico, pinchando en el enlace incluido en el mismo y siguiendo las instrucciones que le sean facilitadas.<\/p>\n<h4><strong>10. CAMBIOS A LA POL\u00cdTICA DE PRIVACIDAD.<\/strong><\/h4>\n<p>Nuestra Pol\u00edtica de Privacidad podr\u00e1 sufrir actualizaciones, debidas a cambios y necesidades legales, as\u00ed como debidas a mejoras y cambios incluidos en la forma de ofrecer y prestar nuestros servicios y utilidades de la aplicaci\u00f3n. Por ello, le recomendamos que visite y acceda a nuestra Pol\u00edtica de Privacidad peri\u00f3dicamente, para poder tener acceso y conocer los \u00faltimos cambios que hayan podido ser incorporados. En caso de que dichos cambios guarden relaci\u00f3n con el consentimiento prestado por el usuario, le ser\u00e1 enviada una notificaci\u00f3n independiente y por separado para recabarlo nuevamente. Si durante la lectura le ha surgido alguna duda o cuesti\u00f3n sobre nuestra Pol\u00edtica de Privacidad o quiere ejercitar alg\u00fan derecho o acci\u00f3n relativa a sus datos personales, por favor p\u00f3ngase en contacto con nosotros en la siguiente direcci\u00f3n de correo electr\u00f3nico ignacio@geseasy.com<\/p>","protected":false},"excerpt":{"rendered":"<p>Pol\u00edtica de Privacidad 1. POL\u00cdTICA DE PRIVACIDAD Y SEGURIDAD. BECHO SOLUTIONS S.L, titular de la web https:\/\/geseasy.com\/, quiere garantizar la seguridad y privacidad en sus relaciones comerciales con los usuarios,&#8230;<\/p>","protected":false},"author":1,"featured_media":0,"parent":0,"menu_order":0,"comment_status":"closed","ping_status":"open","template":"","meta":{"_joinchat":[],"footnotes":""},"class_list":["post-7041","page","type-page","status-publish"],"_links":{"self":[{"href":"https:\/\/geseasy.com\/en\/wp-json\/wp\/v2\/pages\/7041","targetHints":{"allow":["GET"]}}],"collection":[{"href":"https:\/\/geseasy.com\/en\/wp-json\/wp\/v2\/pages"}],"about":[{"href":"https:\/\/geseasy.com\/en\/wp-json\/wp\/v2\/types\/page"}],"author":[{"embeddable":true,"href":"https:\/\/geseasy.com\/en\/wp-json\/wp\/v2\/users\/1"}],"replies":[{"embeddable":true,"href":"https:\/\/geseasy.com\/en\/wp-json\/wp\/v2\/comments?post=7041"}],"version-history":[{"count":2,"href":"https:\/\/geseasy.com\/en\/wp-json\/wp\/v2\/pages\/7041\/revisions"}],"predecessor-version":[{"id":7053,"href":"https:\/\/geseasy.com\/en\/wp-json\/wp\/v2\/pages\/7041\/revisions\/7053"}],"wp:attachment":[{"href":"https:\/\/geseasy.com\/en\/wp-json\/wp\/v2\/media?parent=7041"}],"curies":[{"name":"wp","href":"https:\/\/api.w.org\/{rel}","templated":true}]}}