{"id":7043,"date":"2024-06-12T09:42:43","date_gmt":"2024-06-12T09:42:43","guid":{"rendered":"https:\/\/geseasy.com\/?page_id=7043"},"modified":"2024-07-01T10:34:59","modified_gmt":"2024-07-01T10:34:59","slug":"cookies","status":"publish","type":"page","link":"https:\/\/geseasy.com\/en\/cookies\/","title":{"rendered":"Cookies"},"content":{"rendered":"<h3>Pol\u00edtica de Cookies<\/h3>\n<h4>DESCRIPCI\u00d3N DE COOKIES:<\/h4>\n<p>Una \u201cCookie\u201d es un peque\u00f1o archivo de texto que un sitio web almacena en el navegador del usuario, facilitando la navegaci\u00f3n por una p\u00e1gina web y son esenciales para el funcionamiento de internet.<br \/>\nLas cookies se utilizan, por ejemplo, para recordar los gustos de los usuarios en la web: idioma, navegador utilizado; analizar los h\u00e1bitos y comportamientos del usuario para mejorar los servicios ofrecidos, o para adecuar los contenidos de una p\u00e1gina web a las preferencias del visitante.<br \/>\nLas cookies se pueden catalogar de la siguiente manera:<br \/>\nSeg\u00fan la entidad que la gestiona:<br \/>\n\u2022 Cookies propias: Son aquellas que se env\u00edan a tu equipo desde nuestros propios equipos o dominios y desde el que prestamos el servicio que nos solicitas.<br \/>\n\u2022 Cookies de terceros: Son aquellas que se env\u00edan a tu equipo desde un equipo o dominio que no es gestionado por nosotros, sino por otra entidad colaboradora. Como, por ejemplo, las usadas por redes sociales, o por contenido externo como los mapas de Google.<br \/>\nSeg\u00fan el plazo de tiempo que permanecen activadas:<br \/>\n\u2022 Cookies de sesi\u00f3n: Son cookies temporales que permanecen en el archivo de cookies de tu navegador hasta que abandonas la p\u00e1gina web, por lo que ninguna queda registrada en el disco duro de tu ordenador. La informaci\u00f3n obtenida por medio de estas cookies, sirven para analizar pautas de tr\u00e1fico en la web. A la larga, esto nos permite proporcionar una mejor experiencia para<br \/>\nmejorar el contenido y facilitar su uso.<br \/>\n\u2022 Cookies persistentes: son almacenadas en el disco duro y nuestra web las lee cada vez que realizas una nueva visita. Una web permanente posee una fecha de expiraci\u00f3n determinada. La cookie dejar\u00e1 de funcionar despu\u00e9s de esa fecha. Estas cookies las utilizamos, generalmente, para facilitar los servicios de compra y registro.<br \/>\nSeg\u00fan su finalidad:<br \/>\n\u2022 Cookies t\u00e9cnicas: Son aquellas necesarias para la navegaci\u00f3n y el buen funcionamiento de nuestra p\u00e1gina web. Permiten, por ejemplo, controlar el tr\u00e1fico y la comunicaci\u00f3n de datos, acceder a partes de acceso restringido, realizar el proceso de compra de un pedido, utilizar elementos de<br \/>\nseguridad, almacenar contenidos para poder difundir v\u00eddeos o compartir contenidos a trav\u00e9s de redes sociales.<br \/>\n\u2022 Cookies de personalizaci\u00f3n: Son aqu\u00e9llas que te permiten acceder al servicio con unas caracter\u00edsticas predefinidas en funci\u00f3n de una serie de criterios, como por ejemplo el idioma, el tipo de navegador a trav\u00e9s del cual se accede al servicio, la configuraci\u00f3n regional desde donde se accede al servicio, etc.<br \/>\n\u2022 Cookies de an\u00e1lisis: Son aqu\u00e9llas que nos permiten cuantificar el n\u00famero de usuarios y as\u00ed realizar la medici\u00f3n y an\u00e1lisis estad\u00edstico de la utilizaci\u00f3n que hacen los usuarios de los servicios prestados. Para ello se analiza su navegaci\u00f3n en nuestra p\u00e1gina web con el fin de mejorar la oferta de productos y servicios que ofrecemos.<br \/>\n\u2022 Cookies publicitarias: Son aqu\u00e9llas que permiten la gesti\u00f3n, de la forma m\u00e1s eficaz posible, de los espacios publicitarios que se pudieran incluir en nuestra p\u00e1gina web.<br \/>\n\u2022 Cookies de publicidad comportamental: Estas cookies almacenan informaci\u00f3n del comportamiento de los usuarios obtenida a trav\u00e9s de la observaci\u00f3n continuada. Gracias a ellas, podemos conocer los h\u00e1bitos de navegaci\u00f3n en internet y mostrarte publicidad relacionada con tu perfil de navegaci\u00f3n.<\/p>\n<p>QU\u00c9 COOKIES UTILIZAMOS Y CON QU\u00c9 FINALIDADES<br \/>\nNuestra web utiliza los siguientes tipos de cookies:<br \/>\n\u2022 Cookies propias: son cookies estrictamente necesarias. Permiten la interacci\u00f3n del usuario por el sitio web utilizando todas sus funciones.<br \/>\n\u2022 Cookies Anal\u00edticas: son cookies utilizadas para el an\u00e1lisis, investigaci\u00f3n o estad\u00edsticas con el fin de saber secciones m\u00e1s visitadas, puntos de conexi\u00f3n, etc y as\u00ed poder mejorar el portal web.<br \/>\n\u2022 Cookies de complementos: son cookies utilizadas por complementos externos instalados en la web para su buen funcionamiento, como por ejemplo mostrar el cartel informativo sobre el uso de cookies.<\/p>\n<p>FORMAS DE BLOQUEAR Y LIMITAR EL USO DE COOKIES<br \/>\nEs importante destacar que estas tecnolog\u00edas no son intrusivas, ya que toda la informaci\u00f3n obtenida a trav\u00e9s de las cookies es totalmente an\u00f3nima, y en ning\u00fan caso puede ser asociada a un usuario concreto e identificado. Esta informaci\u00f3n permite a https:\/\/geseasy.com\/\u00a0adaptar y mejorar sus servicios a los intereses de los usuarios. No obstante, el usuario tiene la opci\u00f3n de impedir la<br \/>\ngeneraci\u00f3n de cookies, mediante la selecci\u00f3n de la correspondiente opci\u00f3n en su programa navegador. https:\/\/geseasy.com\/\u00a0informa que en el caso de que deshabilite el uso de cookies la navegaci\u00f3n puede ser m\u00e1s lenta de lo habitual.<br \/>\nConcretamente, todos los navegadores permiten hacer cambios que permiten desactivar la configuraci\u00f3n de las cookies. Estos ajustes se encuentran ubicados en las \u201copciones\u201d o \u201cpreferencias\u201d del men\u00fa de su navegador.<\/p>\n<p>A continuaci\u00f3n, le mostramos mediante enlaces la forma de deshabilitar las cookies siguiendo las instrucciones de los navegadores m\u00e1s utilizados:<br \/>\n\u2022 Internet Explorer<\/p>\n<p>\u2022 Mozilla Firefox<\/p>\n<p>\u2022 Google Chrome<\/p>\n<p>\u2022 Safari<\/p>\n<p>En cambio, si usted desea bloquear las cookies anal\u00edticas de Google, puede instalarse un complemento en su navegador desarrollado siguiendo las instrucciones indicadas en el siguiente enlace.<br \/>\nDESCRIPCI\u00d3N T\u00c9CNICA DE LAS COOKIES UTILIZADAS<br \/>\nA continuaci\u00f3n, ofrecemos informaci\u00f3n sobre las cookies utilizadas por este sitio web:<\/p>\n<table>\n<tbody>\n<tr>\n<td colspan=\"4\">COOKIES PROPIAS<\/td>\n<\/tr>\n<tr>\n<td><b>DOMINIO<\/b><\/td>\n<td><b>NOMBRE<\/b><\/td>\n<td><b>FINALIDAD<\/b><\/td>\n<td><b>DURACION<\/b><\/td>\n<\/tr>\n<tr>\n<td>geseasy.com(Google Analytics)<\/td>\n<td>_ga<\/td>\n<td rowspan=\"2\">Permite distinguir usuarios<\/td>\n<td>2 a\u00f1os<\/td>\n<\/tr>\n<tr>\n<td>geseasy.com(Google Analytics)<\/td>\n<td>_gid<\/td>\n<td>Sesi\u00f3n<\/td>\n<\/tr>\n<tr>\n<td>geseasy.com(Google Analytics)<\/td>\n<td>_gat_gtag_UA_<\/td>\n<td>Limita solicitudes<\/td>\n<td>Sesi\u00f3n<\/td>\n<\/tr>\n<tr>\n<td>geseasy.com(Google Analytics)<\/td>\n<td>cookie_notice_accepted<\/td>\n<td>Recuerda si el usuario ha aceptado o no las cookies<\/td>\n<td>1 mes<\/td>\n<\/tr>\n<tr>\n<td colspan=\"4\">COOKIES DE TERCEROS<\/td>\n<\/tr>\n<tr>\n<td>DOMINIO<\/td>\n<td>NOMBRE<\/td>\n<td>FINALIDAD<\/td>\n<td>DURACION<\/td>\n<\/tr>\n<tr>\n<td><\/td>\n<td><\/td>\n<td><\/td>\n<td><\/td>\n<\/tr>\n<tr>\n<td><\/td>\n<td><\/td>\n<td><\/td>\n<td><\/td>\n<\/tr>\n<tr>\n<td><\/td>\n<td><\/td>\n<td><\/td>\n<td><\/td>\n<\/tr>\n<\/tbody>\n<\/table>\n<p>Por otra parte, respecto a los complementos de entidades externas (como por ejemplo los servicios de Google Inc) utilizados en nuestro portal web recomendamos a todos los usuarios que accedan a las pol\u00edticas de privacidad de cada proveedor de los servicios para mayor informaci\u00f3n:<br \/>\nGOOGLE:\u00a0<a href=\"https:\/\/policies.google.com\/privacy?hl=es&amp;gl=es\" target=\"_blank\" rel=\"noopener\">https:\/\/www.google.es\/intl\/es\/policies\/privacy\/<\/a><\/p>\n<p>M\u00c1S INFORMACI\u00d3N.<br \/>\nCualquier usuario que tenga cualquier duda acerca de la pol\u00edtica de cookies, puede consultarnos a trav\u00e9s de la siguiente direcci\u00f3n ignacio@geseasy.com<\/p>","protected":false},"excerpt":{"rendered":"<p>Pol\u00edtica de Cookies DESCRIPCI\u00d3N DE COOKIES: Una \u201cCookie\u201d es un peque\u00f1o archivo de texto que un sitio web almacena en el navegador del usuario, facilitando la navegaci\u00f3n por una p\u00e1gina&#8230;<\/p>","protected":false},"author":1,"featured_media":0,"parent":0,"menu_order":0,"comment_status":"closed","ping_status":"open","template":"","meta":{"_joinchat":[],"footnotes":""},"class_list":["post-7043","page","type-page","status-publish"],"_links":{"self":[{"href":"https:\/\/geseasy.com\/en\/wp-json\/wp\/v2\/pages\/7043","targetHints":{"allow":["GET"]}}],"collection":[{"href":"https:\/\/geseasy.com\/en\/wp-json\/wp\/v2\/pages"}],"about":[{"href":"https:\/\/geseasy.com\/en\/wp-json\/wp\/v2\/types\/page"}],"author":[{"embeddable":true,"href":"https:\/\/geseasy.com\/en\/wp-json\/wp\/v2\/users\/1"}],"replies":[{"embeddable":true,"href":"https:\/\/geseasy.com\/en\/wp-json\/wp\/v2\/comments?post=7043"}],"version-history":[{"count":2,"href":"https:\/\/geseasy.com\/en\/wp-json\/wp\/v2\/pages\/7043\/revisions"}],"predecessor-version":[{"id":7052,"href":"https:\/\/geseasy.com\/en\/wp-json\/wp\/v2\/pages\/7043\/revisions\/7052"}],"wp:attachment":[{"href":"https:\/\/geseasy.com\/en\/wp-json\/wp\/v2\/media?parent=7043"}],"curies":[{"name":"wp","href":"https:\/\/api.w.org\/{rel}","templated":true}]}}